{"id":3,"date":"2022-05-30T17:56:42","date_gmt":"2022-05-30T17:56:42","guid":{"rendered":"http:\/\/www.peterassocies.fr\/?page_id=3"},"modified":"2024-10-09T08:37:28","modified_gmt":"2024-10-09T08:37:28","slug":"mentions-legales","status":"publish","type":"page","link":"https:\/\/www.peterassocies.fr\/en\/mentions-legales\/","title":{"rendered":"Legal information"},"content":{"rendered":"<section class=\"bde-section-3-100 bde-section\">\n  \n  \n\t\n\n\n\n<div class=\"section-container\"><div class=\"bde-shortcode-3-120 bde-shortcode\"><div class=\"trp_language_switcher_shortcode\">\n<div class=\"trp-language-switcher trp-language-switcher-container\" data-no-translation>\n    <div class=\"trp-ls-shortcode-current-language\">\n        <a href=\"#\" class=\"trp-ls-shortcode-disabled-language trp-ls-disabled-language\" title=\"English (UK)\" onclick=\"event.preventDefault()\">\n\t\t\t<img loading=\"lazy\" decoding=\"async\" class=\"trp-flag-image\" src=\"https:\/\/www.peterassocies.fr\/wp-content\/plugins\/translatepress-multilingual\/assets\/images\/flags\/en_GB.png\" width=\"18\" height=\"12\" alt=\"en_GB\" title=\"English (UK)\"> English (UK)\t\t<\/a>\n    <\/div>\n    <div class=\"trp-ls-shortcode-language\">\n                <a href=\"#\" class=\"trp-ls-shortcode-disabled-language trp-ls-disabled-language\"  title=\"English (UK)\" onclick=\"event.preventDefault()\">\n\t\t\t<img loading=\"lazy\" decoding=\"async\" class=\"trp-flag-image\" src=\"https:\/\/www.peterassocies.fr\/wp-content\/plugins\/translatepress-multilingual\/assets\/images\/flags\/en_GB.png\" width=\"18\" height=\"12\" alt=\"en_GB\" title=\"English (UK)\"> English (UK)\t\t<\/a>\n                    <a href=\"https:\/\/www.peterassocies.fr\/en\/wp-json\/wp\/v2\/pages\/3\" title=\"Fran\u00e7ais\">\n            <img loading=\"lazy\" decoding=\"async\" class=\"trp-flag-image\" src=\"https:\/\/www.peterassocies.fr\/wp-content\/plugins\/translatepress-multilingual\/assets\/images\/flags\/fr_FR.png\" width=\"18\" height=\"12\" alt=\"fr_FR\" title=\"Fran\u00e7ais\"> Fran\u00e7ais        <\/a>\n\n        <\/div>\n    <script type=\"application\/javascript\">\n        \/\/ need to have the same with set from JS on both divs. Otherwise it can push stuff around in HTML\n        var trp_ls_shortcodes = document.querySelectorAll('.trp_language_switcher_shortcode .trp-language-switcher');\n        if ( trp_ls_shortcodes.length > 0) {\n            \/\/ get the last language switcher added\n            var trp_el = trp_ls_shortcodes[trp_ls_shortcodes.length - 1];\n\n            var trp_shortcode_language_item = trp_el.querySelector( '.trp-ls-shortcode-language' )\n            \/\/ set width\n            var trp_ls_shortcode_width                                               = trp_shortcode_language_item.offsetWidth + 16;\n            trp_shortcode_language_item.style.width                                  = trp_ls_shortcode_width + 'px';\n            trp_el.querySelector( '.trp-ls-shortcode-current-language' ).style.width = trp_ls_shortcode_width + 'px';\n\n            \/\/ We're putting this on display: none after we have its width.\n            trp_shortcode_language_item.style.display = 'none';\n        }\n    <\/script>\n<\/div>\n<\/div><\/div><h1 class=\"bde-heading-3-103 bde-heading\">Legal information<\/h1><div class=\"bde-div-3-115 bde-div\">\n  \n  \n\t\n\n\n\n<div class=\"bde-text-3-113 bde-text\">\nEffective as of\n<\/div><div class=\"bde-text-3-114 bde-text\">\nMay 3, 2026\n<\/div>\n<\/div><div class=\"bde-text-3-102 bde-text\">\nIn accordance with the provisions of Articles 6-III and 19 of Law no. 2004-575 of 21 June 2004 on Confidence in the Digital Economy, hereinafter referred to as the \"L.C.E.N.\", users and visitors, hereinafter referred to as the \"User\", to the https:\/\/www.peterassocies.fr website, hereinafter referred to as the \"Site\", are hereby informed of the present legal notice.<br><br>Connection to and browsing of the Site by the User implies full and unreserved acceptance of these legal notices. They can be accessed on the Site under the heading \"Legal information\".\n<\/div><div class=\"bde-div-3-116 bde-div\">\n  \n  \n\t\n\n\n\n<h3 class=\"bde-heading-3-107 bde-heading\">\nArticle 1 - The publisher\n<\/h3><div class=\"bde-text-3-110 bde-text\">\nThe Website is published by Peter et Associes SARL with a capital of 60,000 euros, registered in the Paris Trade and Companies Register under the number 312310469, whose registered office is located at 103 rue Lamarck, 75018 Paris,\u00a0<br><br>Phone number +33(0)1 42 59 73 40<br>E-mail : contact@peterassocies.fr<br>The Publication Director is Isabel Lebon.<br>hereinafter the \"Publisher\".\n<\/div>\n<\/div><div class=\"bde-div-3-117 bde-div\">\n  \n  \n\t\n\n\n\n<h3 class=\"bde-heading-3-106 bde-heading\">\nArticle 2 - The Host\n<\/h3><div class=\"bde-text-3-109 bde-text\">\nThe Site host is Kinsta Inc, whose registered office is located at 8605 Santa Monica Blvd #92581 West Hollywood, CA 90069 \u2013 United States, contactable on +44 808 2583 915 and via contact@kinsta.com.\n<\/div>\n<\/div><div class=\"bde-div-3-119 bde-div\">\n  \n  \n\t\n\n\n\n<h3 class=\"bde-heading-3-105 bde-heading\">\nArticle 3 - Acces to the website\n<\/h3><div class=\"bde-text-3-112 bde-text\">\nThe Site is accessible at all times, 7 days a week, 24 hours a day, except in the event of force majeure, scheduled or unscheduled interruption and in the event of maintenance. In the event of modification, interruption or suspension of the Site, the Publisher shall not be held liable.\n<\/div>\n<\/div><div class=\"bde-div-3-118 bde-div\">\n  \n  \n\t\n\n\n\n<h3 class=\"bde-heading-3-111 bde-heading\">\nArticle 4 - Data collection\n<\/h3><div class=\"bde-text-3-108 bde-text\">\nThe Site is exempt from declaration to the Commission Nationale Informatique et Libert\u00e9s (CNIL) insofar as it does not collect any data concerning users.<br><br>Any use, reproduction, distribution, marketing or modification of all or part of the Site without the Publisher\u2019s authorisation is prohibited and may result in legal action and proceedings as provided for in the Intellectual Property Code and the Civil Code.\n<\/div>\n<\/div><\/div>\n<\/section>","protected":false},"excerpt":{"rendered":"<p>English (UK) English (UK) Fran\u00e7ais Mentions l\u00e9gales En vigueur au May 3, 2026 Conform\u00e9ment aux dispositions des Articles 6-III et 19 de la Loi n\u00b02004-575 du 21 juin 2004 pour la Confiance dans l\u2019\u00e9conomie num\u00e9rique, dite L.C.E.N., il est port\u00e9 \u00e0 la connaissance des utilisateurs et visiteurs, ci-apr\u00e8s l\u00a0\u00bb\u00a0\u00bbUtilisateur\u00a0\u00bb, du site https:\/\/www.peterassocies.fr , ci-apr\u00e8s le [&hellip;]<\/p>","protected":false},"author":1,"featured_media":0,"parent":0,"menu_order":0,"comment_status":"closed","ping_status":"closed","template":"","meta":{"_breakdance_hide_in_design_set":false,"_breakdance_tags":"","footnotes":""},"class_list":["post-3","page","type-page","status-publish","hentry"],"_links":{"self":[{"href":"https:\/\/www.peterassocies.fr\/en\/wp-json\/wp\/v2\/pages\/3","targetHints":{"allow":["GET"]}}],"collection":[{"href":"https:\/\/www.peterassocies.fr\/en\/wp-json\/wp\/v2\/pages"}],"about":[{"href":"https:\/\/www.peterassocies.fr\/en\/wp-json\/wp\/v2\/types\/page"}],"author":[{"embeddable":true,"href":"https:\/\/www.peterassocies.fr\/en\/wp-json\/wp\/v2\/users\/1"}],"replies":[{"embeddable":true,"href":"https:\/\/www.peterassocies.fr\/en\/wp-json\/wp\/v2\/comments?post=3"}],"version-history":[{"count":5,"href":"https:\/\/www.peterassocies.fr\/en\/wp-json\/wp\/v2\/pages\/3\/revisions"}],"predecessor-version":[{"id":26887,"href":"https:\/\/www.peterassocies.fr\/en\/wp-json\/wp\/v2\/pages\/3\/revisions\/26887"}],"wp:attachment":[{"href":"https:\/\/www.peterassocies.fr\/en\/wp-json\/wp\/v2\/media?parent=3"}],"curies":[{"name":"wp","href":"https:\/\/api.w.org\/{rel}","templated":true}]}}