{"id":3,"date":"2022-05-30T17:56:42","date_gmt":"2022-05-30T17:56:42","guid":{"rendered":"http:\/\/www.peterassocies.fr\/?page_id=3"},"modified":"2024-10-09T08:37:28","modified_gmt":"2024-10-09T08:37:28","slug":"mentions-legales","status":"publish","type":"page","link":"https:\/\/www.peterassocies.fr\/fr\/mentions-legales\/","title":{"rendered":"Mentions l\u00e9gales"},"content":{"rendered":"<section class=\"bde-section-3-100 bde-section\">\n  \n  \n\t\n\n\n\n<div class=\"section-container\"><div class=\"bde-shortcode-3-120 bde-shortcode\"><div class=\"trp_language_switcher_shortcode\">\n<div class=\"trp-language-switcher trp-language-switcher-container\" data-no-translation >\n    <div class=\"trp-ls-shortcode-current-language\">\n        <a href=\"#\" class=\"trp-ls-shortcode-disabled-language trp-ls-disabled-language\" title=\"Fran\u00e7ais\" onclick=\"event.preventDefault()\">\n\t\t\t<img loading=\"lazy\" decoding=\"async\" class=\"trp-flag-image\" src=\"https:\/\/www.peterassocies.fr\/wp-content\/plugins\/translatepress-multilingual\/assets\/images\/flags\/fr_FR.png\" width=\"18\" height=\"12\" alt=\"fr_FR\" title=\"Fran\u00e7ais\"> Fran\u00e7ais\t\t<\/a>\n    <\/div>\n    <div class=\"trp-ls-shortcode-language\">\n                <a href=\"#\" class=\"trp-ls-shortcode-disabled-language trp-ls-disabled-language\"  title=\"Fran\u00e7ais\" onclick=\"event.preventDefault()\">\n\t\t\t<img loading=\"lazy\" decoding=\"async\" class=\"trp-flag-image\" src=\"https:\/\/www.peterassocies.fr\/wp-content\/plugins\/translatepress-multilingual\/assets\/images\/flags\/fr_FR.png\" width=\"18\" height=\"12\" alt=\"fr_FR\" title=\"Fran\u00e7ais\"> Fran\u00e7ais\t\t<\/a>\n                    <a href=\"https:\/\/www.peterassocies.fr\/fr\/wp-json\/wp\/v2\/pages\/3\" title=\"English (UK)\">\n            <img loading=\"lazy\" decoding=\"async\" class=\"trp-flag-image\" src=\"https:\/\/www.peterassocies.fr\/wp-content\/plugins\/translatepress-multilingual\/assets\/images\/flags\/en_GB.png\" width=\"18\" height=\"12\" alt=\"en_GB\" title=\"English (UK)\"> English (UK)        <\/a>\n\n        <\/div>\n    <script type=\"application\/javascript\">\n        \/\/ need to have the same with set from JS on both divs. Otherwise it can push stuff around in HTML\n        var trp_ls_shortcodes = document.querySelectorAll('.trp_language_switcher_shortcode .trp-language-switcher');\n        if ( trp_ls_shortcodes.length > 0) {\n            \/\/ get the last language switcher added\n            var trp_el = trp_ls_shortcodes[trp_ls_shortcodes.length - 1];\n\n            var trp_shortcode_language_item = trp_el.querySelector( '.trp-ls-shortcode-language' )\n            \/\/ set width\n            var trp_ls_shortcode_width                                               = trp_shortcode_language_item.offsetWidth + 16;\n            trp_shortcode_language_item.style.width                                  = trp_ls_shortcode_width + 'px';\n            trp_el.querySelector( '.trp-ls-shortcode-current-language' ).style.width = trp_ls_shortcode_width + 'px';\n\n            \/\/ We're putting this on display: none after we have its width.\n            trp_shortcode_language_item.style.display = 'none';\n        }\n    <\/script>\n<\/div>\n<\/div><\/div><h1 class=\"bde-heading-3-103 bde-heading\">Mentions l\u00e9gales<\/h1><div class=\"bde-div-3-115 bde-div\">\n  \n  \n\t\n\n\n\n<div class=\"bde-text-3-113 bde-text\">\nEn vigueur au\n<\/div><div class=\"bde-text-3-114 bde-text\">\nmai 3, 2026\n<\/div>\n<\/div><div class=\"bde-text-3-102 bde-text\">\nConform\u00e9ment aux dispositions des Articles 6-III et 19 de la Loi n\u00b02004-575 du 21 juin 2004 pour la Confiance dans l\u2019\u00e9conomie num\u00e9rique, dite L.C.E.N., il est port\u00e9 \u00e0 la connaissance des utilisateurs et visiteurs, ci-apr\u00e8s l\"\"Utilisateur\", du site https:\/\/www.peterassocies.fr , ci-apr\u00e8s le \"Site\", les pr\u00e9sentes mentions l\u00e9gales.<br><br>La connexion et la navigation sur le Site par l\u2019Utilisateur implique acceptation int\u00e9grale et sans r\u00e9serve des pr\u00e9sentes mentions l\u00e9gales. Ces derni\u00e8res sont accessibles sur le Site \u00e0 la rubrique \u00ab Mentions l\u00e9gales \u00bb.\n<\/div><div class=\"bde-div-3-116 bde-div\">\n  \n  \n\t\n\n\n\n<h3 class=\"bde-heading-3-107 bde-heading\">\nArticle 1 - L'\u00e9diteur\n<\/h3><div class=\"bde-text-3-110 bde-text\">\nL'\u00e9dition du Site est assur\u00e9e par Peter et Associes SARL au capital de 60000 euros, immatricul\u00e9e au Registre du Commerce et des Soci\u00e9t\u00e9s de Paris sous le num\u00e9ro 312310469 dont le si\u00e8ge social est situ\u00e9 au 103 rue Lamarck, 75018 Paris,\u00a0<br><br>Num\u00e9ro de t\u00e9l\u00e9phone +33(0)1 42 59 73 40<br>Adresse e-mail : contact@peterassocies.fr<br>La directrice de la publication est Isabel Lebon.<br>ci-apr\u00e8s l'\"Editeur\".\n<\/div>\n<\/div><div class=\"bde-div-3-117 bde-div\">\n  \n  \n\t\n\n\n\n<h3 class=\"bde-heading-3-106 bde-heading\">\nArticle 2 - L'h\u00e9bergeur\n<\/h3><div class=\"bde-text-3-109 bde-text\">\nL'h\u00e9bergeur du Site est la soci\u00e9t\u00e9 Kinsta Inc., dont le si\u00e8ge social est situ\u00e9 au 8605 Santa Monica Blvd #92581 West Hollywood, CA 90069 - \u00c9tats-Unis, joignable au +44 808 2583 915 et via contact@kinsta.com.\n<\/div>\n<\/div><div class=\"bde-div-3-119 bde-div\">\n  \n  \n\t\n\n\n\n<h3 class=\"bde-heading-3-105 bde-heading\">\nArticle 3 - Acc\u00e8s au site\n<\/h3><div class=\"bde-text-3-112 bde-text\">\nLe Site est accessible en tout endroit, 7j\/7, 24h\/24 sauf cas de force majeure, interruption programm\u00e9e ou non et pouvant d\u00e9coulant d\u2019une n\u00e9cessit\u00e9 de maintenance. En cas de modification, interruption ou suspension du Site, l'Editeur ne saurait \u00eatre tenu responsable.\n<\/div>\n<\/div><div class=\"bde-div-3-118 bde-div\">\n  \n  \n\t\n\n\n\n<h3 class=\"bde-heading-3-111 bde-heading\">\nArticle 4 - Collecte des donn\u00e9es\n<\/h3><div class=\"bde-text-3-108 bde-text\">\nLe site est exempt\u00e9 de d\u00e9claration \u00e0 la Commission Nationale Informatique et Libert\u00e9s (CNIL) dans la mesure o\u00f9 il ne collecte aucune donn\u00e9e concernant les utilisateurs.<br><br>Toute utilisation, reproduction, diffusion, commercialisation, modification de toute ou partie du Site, sans autorisation de l\u2019Editeur est prohib\u00e9e et pourra entra\u00een\u00e9e des actions et poursuites judiciaires telles que notamment pr\u00e9vues par le Code de la propri\u00e9t\u00e9 intellectuelle et le Code civil.\n<\/div>\n<\/div><\/div>\n<\/section>","protected":false},"excerpt":{"rendered":"<p>Fran\u00e7ais Fran\u00e7ais English (UK) Mentions l\u00e9gales En vigueur au mai 3, 2026 Conform\u00e9ment aux dispositions des Articles 6-III et 19 de la Loi n\u00b02004-575 du 21 juin 2004 pour la Confiance dans l\u2019\u00e9conomie num\u00e9rique, dite L.C.E.N., il est port\u00e9 \u00e0 la connaissance des utilisateurs et visiteurs, ci-apr\u00e8s l\u00a0\u00bb\u00a0\u00bbUtilisateur\u00a0\u00bb, du site https:\/\/www.peterassocies.fr , ci-apr\u00e8s le \u00ab\u00a0Site\u00a0\u00bb, [&hellip;]<\/p>\n","protected":false},"author":1,"featured_media":0,"parent":0,"menu_order":0,"comment_status":"closed","ping_status":"closed","template":"","meta":{"_breakdance_hide_in_design_set":false,"_breakdance_tags":"","footnotes":""},"class_list":["post-3","page","type-page","status-publish","hentry"],"_links":{"self":[{"href":"https:\/\/www.peterassocies.fr\/fr\/wp-json\/wp\/v2\/pages\/3","targetHints":{"allow":["GET"]}}],"collection":[{"href":"https:\/\/www.peterassocies.fr\/fr\/wp-json\/wp\/v2\/pages"}],"about":[{"href":"https:\/\/www.peterassocies.fr\/fr\/wp-json\/wp\/v2\/types\/page"}],"author":[{"embeddable":true,"href":"https:\/\/www.peterassocies.fr\/fr\/wp-json\/wp\/v2\/users\/1"}],"replies":[{"embeddable":true,"href":"https:\/\/www.peterassocies.fr\/fr\/wp-json\/wp\/v2\/comments?post=3"}],"version-history":[{"count":5,"href":"https:\/\/www.peterassocies.fr\/fr\/wp-json\/wp\/v2\/pages\/3\/revisions"}],"predecessor-version":[{"id":26887,"href":"https:\/\/www.peterassocies.fr\/fr\/wp-json\/wp\/v2\/pages\/3\/revisions\/26887"}],"wp:attachment":[{"href":"https:\/\/www.peterassocies.fr\/fr\/wp-json\/wp\/v2\/media?parent=3"}],"curies":[{"name":"wp","href":"https:\/\/api.w.org\/{rel}","templated":true}]}}